{"id":1331,"date":"2021-01-14T08:26:10","date_gmt":"2021-01-14T08:26:10","guid":{"rendered":"https:\/\/masterenderechodelosnegocios.uab.cat\/?page_id=1331"},"modified":"2023-06-15T10:00:33","modified_gmt":"2023-06-15T10:00:33","slug":"presentacion","status":"publish","type":"page","link":"https:\/\/masterenderechodelosnegocios.uab.cat\/index.php\/presentacion\/","title":{"rendered":"Presentaci\u00f3n"},"content":{"rendered":"\n<div class=\"wp-block-cover is-light alignfull\" style=\"min-height:550px;aspect-ratio:unset;\"><span aria-hidden=\"true\" class=\"wp-block-cover__background has-background-dim-20 has-background-dim\" style=\"background-color:#000c2d\"><\/span><img loading=\"lazy\" decoding=\"async\" width=\"1920\" height=\"1280\" class=\"wp-block-cover__image-background wp-image-1493\" alt=\"\" src=\"https:\/\/masterenderechodelosnegocios.uab.cat\/wp-content\/uploads\/2021\/02\/laptop-3196481_1920.jpg\" style=\"object-position:53% 59%\" data-object-fit=\"cover\" data-object-position=\"53% 59%\" srcset=\"https:\/\/masterenderechodelosnegocios.uab.cat\/wp-content\/uploads\/2021\/02\/laptop-3196481_1920.jpg 1920w, https:\/\/masterenderechodelosnegocios.uab.cat\/wp-content\/uploads\/2021\/02\/laptop-3196481_1920-300x200.jpg 300w, https:\/\/masterenderechodelosnegocios.uab.cat\/wp-content\/uploads\/2021\/02\/laptop-3196481_1920-1024x683.jpg 1024w, https:\/\/masterenderechodelosnegocios.uab.cat\/wp-content\/uploads\/2021\/02\/laptop-3196481_1920-768x512.jpg 768w, https:\/\/masterenderechodelosnegocios.uab.cat\/wp-content\/uploads\/2021\/02\/laptop-3196481_1920-1536x1024.jpg 1536w\" sizes=\"auto, (max-width: 1920px) 100vw, 1920px\" \/><div class=\"wp-block-cover__inner-container is-layout-flow wp-block-cover-is-layout-flow\">\n<h1 class=\"has-white-color has-text-color wp-block-heading\">Presentaci\u00f3n<\/h1>\n\n\n\n<p class=\"has-ast-global-color-5-color has-text-color\">El M\u00e1ster en Derecho de los negocios (<em>On line<\/em>) es un programa de estudios propios de la Universidad Aut\u00f3noma de Barcelona (UAB) dise\u00f1ado para proporcionar un conocimiento especializado en el campo los negocios, el comercio y la empresa desde una perspectiva jur\u00eddica.<\/p>\n<\/div><\/div>\n\n\n\n<div class=\"inherit-container-width wp-block-group alignfull has-white-background-color has-background is-layout-constrained wp-block-group-is-layout-constrained\"><div class=\"wp-block-group__inner-container\">\n<div class=\"wp-block-media-text alignwide has-media-on-the-right is-stacked-on-mobile is-vertically-aligned-center is-image-fill\" style=\"grid-template-columns:auto 42%\"><div class=\"wp-block-media-text__content\">\n<h2 class=\"wp-block-heading\">Sobre el M\u00e1ster<\/h2>\n\n\n\n<p>El M\u00e1ster en Derecho de los negocios (on line) es un t\u00edtulo propio de la&nbsp; Universidad Aut\u00f3noma de Barcelona (UAB). Dispone del mismo nivel acad\u00e9mico y de exigencia que un m\u00e1ster oficial. Sin embargo, mientras el m\u00e1ster oficial se orienta al doctorado, el M\u00e1ster en Derecho de los negocios tiene una orientaci\u00f3n profesional. En concreto, el M\u00e1ster en Derecho de los negocios est\u00e1 dise\u00f1ado para proporcionar un conocimiento especializado en el campo los negocios, el comercio y la empresa desde una perspectiva jur\u00eddica. Asimismo, su plan de estudios suministra herramientas para el an\u00e1lisis y la investigaci\u00f3n jur\u00eddica de cualquier materia en profundidad.<\/p>\n\n\n\n<p>El M\u00e1ster es plenamente online, no se dictan clases, si bien cada semana se programa una sesi\u00f3n de unas dos horas, por la tarde hora espa\u00f1ola para orientaci\u00f3n, seguimiento, dudas, correcci\u00f3n de los casos pr\u00e1cticos y evaluaci\u00f3n planteada.<\/p>\n\n\n\n<p>Las clases se suceden por asignaturas, sin solaparse una con otra, de forma que cada 5 semanas se dedica a una asignatura, es evaluada y comienza otra. As\u00ed es durante el a\u00f1o que dura el M\u00e1ster, salvo para el Trabajo de Fin de M\u00e1ster que dura todo el curso acad\u00e9mico. <\/p>\n\n\n\n<div class=\"wp-block-buttons is-layout-flex wp-block-buttons-is-layout-flex\">\n<div class=\"wp-block-button\"><a class=\"wp-block-button__link wp-element-button\" href=\"https:\/\/www.uab.cat\/web\/postgrado\/master-en-derecho-de-los-negocios-online-\/matricula-1345468488224.html\/param1-4007_es\/\" target=\"_blank\" rel=\"noreferrer noopener\">Matr\u00edcula<\/a><\/div>\n<\/div>\n<\/div><figure class=\"wp-block-media-text__media\" style=\"background-image:url(https:\/\/masterenderechodelosnegocios.uab.cat\/wp-content\/uploads\/2021\/01\/workplace-1245776_1280-1024x682.jpg);background-position:83% 56%\"><img loading=\"lazy\" decoding=\"async\" width=\"1024\" height=\"682\" src=\"https:\/\/masterenderechodelosnegocios.uab.cat\/wp-content\/uploads\/2021\/01\/workplace-1245776_1280-1024x682.jpg\" alt=\"\" class=\"wp-image-1320 size-full\" srcset=\"https:\/\/masterenderechodelosnegocios.uab.cat\/wp-content\/uploads\/2021\/01\/workplace-1245776_1280-1024x682.jpg 1024w, https:\/\/masterenderechodelosnegocios.uab.cat\/wp-content\/uploads\/2021\/01\/workplace-1245776_1280-300x200.jpg 300w, https:\/\/masterenderechodelosnegocios.uab.cat\/wp-content\/uploads\/2021\/01\/workplace-1245776_1280-768x512.jpg 768w, https:\/\/masterenderechodelosnegocios.uab.cat\/wp-content\/uploads\/2021\/01\/workplace-1245776_1280.jpg 1280w\" sizes=\"auto, (max-width: 1024px) 100vw, 1024px\" \/><\/figure><\/div>\n<\/div><\/div>\n\n\n\n<div class=\"wp-block-cover alignfull\" style=\"min-height:352px;aspect-ratio:unset;\"><span aria-hidden=\"true\" class=\"wp-block-cover__background has-background-dim-100 has-background-dim\" style=\"background-color:#282c4e\"><\/span><div class=\"wp-block-cover__inner-container is-layout-flow wp-block-cover-is-layout-flow\">\n<div class=\"wp-block-columns is-layout-flex wp-container-core-columns-is-layout-1 wp-block-columns-is-layout-flex\">\n<div class=\"wp-block-column is-layout-flow wp-block-column-is-layout-flow\" style=\"flex-basis:33.34%\">\n<p><strong>Enlaces de inter\u00e9s<\/strong><\/p>\n\n\n\n<p><a href=\"https:\/\/www.uab.cat\/departament\/dret-privat\/\" target=\"_blank\" rel=\"noreferrer noopener\">Departamento de Derecho Privado<\/a><\/p>\n\n\n\n<p><a href=\"https:\/\/www.uab.cat\/dret\/\" target=\"_blank\" rel=\"noreferrer noopener\">Facultad de Derecho<\/a><\/p>\n<\/div>\n\n\n\n<div class=\"wp-block-column is-layout-flow wp-block-column-is-layout-flow\" style=\"flex-basis:33.34%\">\n<figure class=\"wp-block-image aligncenter size-large is-resized\"><a href=\"https:\/\/www.uab.cat\/\" target=\"_blank\" rel=\"noopener\"><img loading=\"lazy\" decoding=\"async\" src=\"https:\/\/masterenderechodelosnegocios.uab.cat\/wp-content\/uploads\/2021\/02\/UABBlanco-300x138-1.png\" alt=\"\" class=\"wp-image-1529\" width=\"234\" height=\"108\"\/><\/a><\/figure>\n\n\n\n<p class=\"has-text-align-center\"><a rel=\"noreferrer noopener\" href=\"https:\/\/www.uab.cat\/web\/la-uab\/itinerarios\/aviso-legal-1345668684684.html\" target=\"_blank\">Aviso  legal<\/a>         <a rel=\"noreferrer noopener\" href=\"https:\/\/www.uab.cat\/web\/la-uab\/itinerarios\/proteccion-de-datos-1345672265351.html\" target=\"_blank\">Protecci\u00f3n de datos<\/a><\/p>\n<\/div>\n\n\n\n<div class=\"wp-block-column is-layout-flow wp-block-column-is-layout-flow\" style=\"flex-basis:33.33%\">\n<p class=\"has-text-align-right\"><strong>Acceso al m\u00e1ster<\/strong><\/p>\n\n\n\n<p class=\"has-text-align-right\"><a href=\"https:\/\/www.uab.cat\/web\/postgrado\/master-en-derecho-de-los-negocios-online-\/informacion-general-1206597472083.html\/param1-4007_es\/\" target=\"_blank\" rel=\"noreferrer noopener\">Informaci\u00f3n general<\/a><\/p>\n\n\n\n<p class=\"has-text-align-right\"><a href=\"https:\/\/www.uab.cat\/web\/postgrado\/master-en-derecho-de-los-negocios-online-\/admision-1206597472150.html\/param1-4007_es\/\" target=\"_blank\" rel=\"noreferrer noopener\">Admisi\u00f3n<\/a><\/p>\n\n\n\n<p class=\"has-text-align-right\"><a href=\"https:\/\/www.uab.cat\/web\/postgrado\/master-en-derecho-de-los-negocios-online-\/matricula-1345468488224.html\/param1-4007_es\/\" target=\"_blank\" rel=\"noreferrer noopener\">Matr\u00edcula<\/a><\/p>\n<\/div>\n<\/div>\n<\/div><\/div>\n","protected":false},"excerpt":{"rendered":"<p>Sobre el M\u00e1ster El M\u00e1ster en Derecho de los negocios (on line) es un t\u00edtulo propio de la&nbsp; Universidad Aut\u00f3noma de Barcelona (UAB). Dispone del mismo nivel acad\u00e9mico y de exigencia que un m\u00e1ster oficial. Sin embargo, mientras el m\u00e1ster oficial se orienta al doctorado, el M\u00e1ster en Derecho de los negocios tiene una orientaci\u00f3n [&hellip;]<\/p>\n","protected":false},"author":2,"featured_media":0,"parent":0,"menu_order":0,"comment_status":"closed","ping_status":"closed","template":"","meta":{"_uag_custom_page_level_css":"","site-sidebar-layout":"default","site-content-layout":"plain-container","ast-site-content-layout":"","site-content-style":"default","site-sidebar-style":"default","ast-global-header-display":"","ast-banner-title-visibility":"","ast-main-header-display":"","ast-hfb-above-header-display":"","ast-hfb-below-header-display":"","ast-hfb-mobile-header-display":"","site-post-title":"disabled","ast-breadcrumbs-content":"","ast-featured-img":"","footer-sml-layout":"","theme-transparent-header-meta":"enabled","adv-header-id-meta":"","stick-header-meta":"","header-above-stick-meta":"","header-main-stick-meta":"","header-below-stick-meta":"","astra-migrate-meta-layouts":"default","ast-page-background-enabled":"default","ast-page-background-meta":{"desktop":{"background-color":"","background-image":"","background-repeat":"repeat","background-position":"center center","background-size":"auto","background-attachment":"scroll","background-type":"","background-media":"","overlay-type":"","overlay-color":"","overlay-opacity":"","overlay-gradient":""},"tablet":{"background-color":"","background-image":"","background-repeat":"repeat","background-position":"center center","background-size":"auto","background-attachment":"scroll","background-type":"","background-media":"","overlay-type":"","overlay-color":"","overlay-opacity":"","overlay-gradient":""},"mobile":{"background-color":"","background-image":"","background-repeat":"repeat","background-position":"center center","background-size":"auto","background-attachment":"scroll","background-type":"","background-media":"","overlay-type":"","overlay-color":"","overlay-opacity":"","overlay-gradient":""}},"ast-content-background-meta":{"desktop":{"background-color":"var(--ast-global-color-5)","background-image":"","background-repeat":"repeat","background-position":"center center","background-size":"auto","background-attachment":"scroll","background-type":"","background-media":"","overlay-type":"","overlay-color":"","overlay-opacity":"","overlay-gradient":""},"tablet":{"background-color":"var(--ast-global-color-5)","background-image":"","background-repeat":"repeat","background-position":"center center","background-size":"auto","background-attachment":"scroll","background-type":"","background-media":"","overlay-type":"","overlay-color":"","overlay-opacity":"","overlay-gradient":""},"mobile":{"background-color":"var(--ast-global-color-5)","background-image":"","background-repeat":"repeat","background-position":"center center","background-size":"auto","background-attachment":"scroll","background-type":"","background-media":"","overlay-type":"","overlay-color":"","overlay-opacity":"","overlay-gradient":""}},"footnotes":""},"class_list":["post-1331","page","type-page","status-publish","hentry"],"uagb_featured_image_src":{"full":false,"thumbnail":false,"medium":false,"medium_large":false,"large":false,"1536x1536":false,"2048x2048":false},"uagb_author_info":{"display_name":"admin","author_link":"https:\/\/masterenderechodelosnegocios.uab.cat\/index.php\/author\/admin\/"},"uagb_comment_info":0,"uagb_excerpt":"Sobre el M\u00e1ster El M\u00e1ster en Derecho de los negocios (on line) es un t\u00edtulo propio de la&nbsp; Universidad Aut\u00f3noma de Barcelona (UAB). Dispone del mismo nivel acad\u00e9mico y de exigencia que un m\u00e1ster oficial. Sin embargo, mientras el m\u00e1ster oficial se orienta al doctorado, el M\u00e1ster en Derecho de los negocios tiene una orientaci\u00f3n&hellip;","_links":{"self":[{"href":"https:\/\/masterenderechodelosnegocios.uab.cat\/index.php\/wp-json\/wp\/v2\/pages\/1331","targetHints":{"allow":["GET"]}}],"collection":[{"href":"https:\/\/masterenderechodelosnegocios.uab.cat\/index.php\/wp-json\/wp\/v2\/pages"}],"about":[{"href":"https:\/\/masterenderechodelosnegocios.uab.cat\/index.php\/wp-json\/wp\/v2\/types\/page"}],"author":[{"embeddable":true,"href":"https:\/\/masterenderechodelosnegocios.uab.cat\/index.php\/wp-json\/wp\/v2\/users\/2"}],"replies":[{"embeddable":true,"href":"https:\/\/masterenderechodelosnegocios.uab.cat\/index.php\/wp-json\/wp\/v2\/comments?post=1331"}],"version-history":[{"count":26,"href":"https:\/\/masterenderechodelosnegocios.uab.cat\/index.php\/wp-json\/wp\/v2\/pages\/1331\/revisions"}],"predecessor-version":[{"id":1654,"href":"https:\/\/masterenderechodelosnegocios.uab.cat\/index.php\/wp-json\/wp\/v2\/pages\/1331\/revisions\/1654"}],"wp:attachment":[{"href":"https:\/\/masterenderechodelosnegocios.uab.cat\/index.php\/wp-json\/wp\/v2\/media?parent=1331"}],"curies":[{"name":"wp","href":"https:\/\/api.w.org\/{rel}","templated":true}]}}