{"id":1133,"date":"2020-08-21T09:38:51","date_gmt":"2020-08-21T09:38:51","guid":{"rendered":"https:\/\/masterenderechodelosnegocios.uab.cat\/index.php\/contact\/"},"modified":"2021-02-10T12:31:57","modified_gmt":"2021-02-10T12:31:57","slug":"contact","status":"publish","type":"page","link":"https:\/\/masterenderechodelosnegocios.uab.cat\/index.php\/contact\/","title":{"rendered":"Contactar"},"content":{"rendered":"\n<div class=\"wp-block-cover has-background-dim-10 has-background-dim alignfull\" style=\"background-color:#000c2d;min-height:550px;aspect-ratio:unset;\"><img loading=\"lazy\" decoding=\"async\" width=\"1920\" height=\"1280\" class=\"wp-block-cover__image-background wp-image-1364\" alt=\"\" src=\"https:\/\/masterenderechodelosnegocios.uab.cat\/wp-content\/uploads\/2021\/01\/man-791049_1920.jpg\" data-object-fit=\"cover\" srcset=\"https:\/\/masterenderechodelosnegocios.uab.cat\/wp-content\/uploads\/2021\/01\/man-791049_1920.jpg 1920w, https:\/\/masterenderechodelosnegocios.uab.cat\/wp-content\/uploads\/2021\/01\/man-791049_1920-300x200.jpg 300w, https:\/\/masterenderechodelosnegocios.uab.cat\/wp-content\/uploads\/2021\/01\/man-791049_1920-1024x683.jpg 1024w, https:\/\/masterenderechodelosnegocios.uab.cat\/wp-content\/uploads\/2021\/01\/man-791049_1920-768x512.jpg 768w, https:\/\/masterenderechodelosnegocios.uab.cat\/wp-content\/uploads\/2021\/01\/man-791049_1920-1536x1024.jpg 1536w\" sizes=\"auto, (max-width: 1920px) 100vw, 1920px\" \/><div class=\"wp-block-cover__inner-container is-layout-flow wp-block-cover-is-layout-flow\">\n<h1 class=\"has-white-color has-text-color wp-block-heading\">Contactar<\/h1>\n\n\n\n<p>Para cualquier duda o consulta, no dudes en contactar con nosotros.<\/p>\n<\/div><\/div>\n\n\n\n<div class=\"wp-block-group alignfull has-background\" style=\"background-color:#f5f7fb\"><div class=\"wp-block-group__inner-container is-layout-flow wp-block-group-is-layout-flow\">\n<h2 class=\"has-text-align-center wp-block-heading\">Estamos a tu disposici\u00f3n<\/h2>\n\n\n\n<p class=\"has-text-align-center\">Para cualquier duda o consulta, no dudes en contactar con nosotros.<\/p>\n\n\n\n<p><\/p>\n\n\n\n<p><\/p>\n\n\n\n<div class=\"wp-block-columns alignwide is-layout-flex wp-container-core-columns-is-layout-1 wp-block-columns-is-layout-flex\">\n<div class=\"wp-block-column is-layout-flow wp-block-column-is-layout-flow\">\n<div class=\"wp-block-group has-white-background-color has-background\"><div class=\"wp-block-group__inner-container is-layout-flow wp-block-group-is-layout-flow\">\n<h4 class=\"wp-block-heading\">Localizaci\u00f3n<\/h4>\n\n\n\n<p><strong>Departamento de Derecho Privado<\/strong><br>Universidad Aut\u00f3noma de Barcelona<br>Edificio B<br>Calle de la Vall Moronta, s\/n<br>08193 Bellaterra, Barcelona<br>Despacho: B2\/-162<\/p>\n<\/div><\/div>\n<\/div>\n\n\n\n<div class=\"wp-block-column is-layout-flow wp-block-column-is-layout-flow\">\n<div class=\"wp-block-group has-white-background-color has-background\"><div class=\"wp-block-group__inner-container is-layout-flow wp-block-group-is-layout-flow\">\n<h4 class=\"wp-block-heading\">Tel\u00e9fono<\/h4>\n\n\n\n<p>(+34) 93 581 21 45<br>(+34) 93 581 22 24<br><\/p>\n<\/div><\/div>\n<\/div>\n\n\n\n<div class=\"wp-block-column is-layout-flow wp-block-column-is-layout-flow\">\n<div class=\"wp-block-group has-white-background-color has-background\"><div class=\"wp-block-group__inner-container is-layout-flow wp-block-group-is-layout-flow\">\n<h4 class=\"wp-block-heading\">Correo electr\u00f3nico<\/h4>\n\n\n\n<p><strong>Eliseo Sierra Noguero<\/strong><br>Eliseo.Sierra@uab.cat<\/p>\n<\/div><\/div>\n<\/div>\n<\/div>\n<\/div><\/div>\n\n\n\n<div class=\"wp-block-group\"><div class=\"wp-block-group__inner-container is-layout-flow wp-block-group-is-layout-flow\">\n<iframe loading=\"lazy\" src=\"https:\/\/www.google.com\/maps\/embed?pb=!1m18!1m12!1m3!1d1494.09373697775!2d2.1045991836203566!3d41.50021199740674!2m3!1f0!2f0!3f0!3m2!1i1024!2i768!4f13.1!3m3!1m2!1s0x12a4968070a20ec1%3A0xb366809821f95b83!2sUAB%20Idiomes%20Campus%20-%20Servei%20de%20Lleng%C3%BCes!5e0!3m2!1ses!2ses!4v1610616418163!5m2!1ses!2ses\" width=\"100%\" height=\"450\" frameborder=\"0\" style=\"border:0;\" allowfullscreen=\"\" aria-hidden=\"false\" tabindex=\"0\"><\/iframe>\n\n\n\n<p><\/p>\n<\/div><\/div>\n\n\n\n<div class=\"wp-block-cover alignfull\" style=\"min-height:352px;aspect-ratio:unset;\"><span aria-hidden=\"true\" class=\"wp-block-cover__background has-background-dim-100 has-background-dim\" style=\"background-color:#282c4e\"><\/span><div class=\"wp-block-cover__inner-container is-layout-flow wp-block-cover-is-layout-flow\">\n<div class=\"wp-block-columns is-layout-flex wp-container-core-columns-is-layout-2 wp-block-columns-is-layout-flex\">\n<div class=\"wp-block-column is-layout-flow wp-block-column-is-layout-flow\" style=\"flex-basis:33.34%\">\n<p><strong>Enlaces de inter\u00e9s<\/strong><\/p>\n\n\n\n<p><a href=\"https:\/\/www.uab.cat\/departament\/dret-privat\/\" target=\"_blank\" rel=\"noreferrer noopener\">Departamento de Derecho Privado<\/a><\/p>\n\n\n\n<p><a href=\"https:\/\/www.uab.cat\/dret\/\" target=\"_blank\" rel=\"noreferrer noopener\">Facultad de Derecho<\/a><\/p>\n<\/div>\n\n\n\n<div class=\"wp-block-column is-layout-flow wp-block-column-is-layout-flow\" style=\"flex-basis:33.34%\">\n<figure class=\"wp-block-image aligncenter size-large is-resized\"><a href=\"https:\/\/www.uab.cat\/\" target=\"_blank\" rel=\"noopener\"><img loading=\"lazy\" decoding=\"async\" src=\"https:\/\/masterenderechodelosnegocios.uab.cat\/wp-content\/uploads\/2021\/02\/UABBlanco-300x138-1.png\" alt=\"\" class=\"wp-image-1529\" width=\"234\" height=\"108\"\/><\/a><\/figure>\n\n\n\n<p class=\"has-text-align-center\"><a rel=\"noreferrer noopener\" href=\"https:\/\/www.uab.cat\/web\/la-uab\/itinerarios\/aviso-legal-1345668684684.html\" target=\"_blank\">Aviso  legal<\/a>         <a rel=\"noreferrer noopener\" href=\"https:\/\/www.uab.cat\/web\/la-uab\/itinerarios\/proteccion-de-datos-1345672265351.html\" target=\"_blank\">Protecci\u00f3n de datos<\/a><\/p>\n<\/div>\n\n\n\n<div class=\"wp-block-column is-layout-flow wp-block-column-is-layout-flow\" style=\"flex-basis:33.33%\">\n<p class=\"has-text-align-right\"><strong>Acceso al m\u00e1ster<\/strong><\/p>\n\n\n\n<p class=\"has-text-align-right\"><a href=\"https:\/\/www.uab.cat\/web\/postgrado\/master-en-derecho-de-los-negocios-online-\/informacion-general-1206597472083.html\/param1-4007_es\/\" target=\"_blank\" rel=\"noreferrer noopener\">Informaci\u00f3n general<\/a><\/p>\n\n\n\n<p class=\"has-text-align-right\"><a href=\"https:\/\/www.uab.cat\/web\/postgrado\/master-en-derecho-de-los-negocios-online-\/admision-1206597472150.html\/param1-4007_es\/\" target=\"_blank\" rel=\"noreferrer noopener\">Admisi\u00f3n<\/a><\/p>\n\n\n\n<p class=\"has-text-align-right\"><a href=\"https:\/\/www.uab.cat\/web\/postgrado\/master-en-derecho-de-los-negocios-online-\/matricula-1345468488224.html\/param1-4007_es\/\" target=\"_blank\" rel=\"noreferrer noopener\">Matr\u00edcula<\/a><\/p>\n<\/div>\n<\/div>\n<\/div><\/div>\n","protected":false},"excerpt":{"rendered":"<p>Estamos a tu disposici\u00f3n Para cualquier duda o consulta, no dudes en contactar con nosotros. Localizaci\u00f3n Departamento de Derecho PrivadoUniversidad Aut\u00f3noma de BarcelonaEdificio BCalle de la Vall Moronta, s\/n08193 Bellaterra, BarcelonaDespacho: B2\/-162 Tel\u00e9fono (+34) 93 581 21 45(+34) 93 581 22 24 Correo electr\u00f3nico Eliseo Sierra NogueroEliseo.Sierra@uab.cat<\/p>\n","protected":false},"author":2,"featured_media":0,"parent":0,"menu_order":0,"comment_status":"closed","ping_status":"closed","template":"","meta":{"_uag_custom_page_level_css":"","site-sidebar-layout":"default","site-content-layout":"plain-container","ast-site-content-layout":"","site-content-style":"default","site-sidebar-style":"default","ast-global-header-display":"","ast-banner-title-visibility":"","ast-main-header-display":"","ast-hfb-above-header-display":"","ast-hfb-below-header-display":"","ast-hfb-mobile-header-display":"","site-post-title":"disabled","ast-breadcrumbs-content":"","ast-featured-img":"","footer-sml-layout":"","theme-transparent-header-meta":"enabled","adv-header-id-meta":"","stick-header-meta":"","header-above-stick-meta":"","header-main-stick-meta":"","header-below-stick-meta":"","astra-migrate-meta-layouts":"default","ast-page-background-enabled":"default","ast-page-background-meta":{"desktop":{"background-color":"","background-image":"","background-repeat":"repeat","background-position":"center center","background-size":"auto","background-attachment":"scroll","background-type":"","background-media":"","overlay-type":"","overlay-color":"","overlay-opacity":"","overlay-gradient":""},"tablet":{"background-color":"","background-image":"","background-repeat":"repeat","background-position":"center center","background-size":"auto","background-attachment":"scroll","background-type":"","background-media":"","overlay-type":"","overlay-color":"","overlay-opacity":"","overlay-gradient":""},"mobile":{"background-color":"","background-image":"","background-repeat":"repeat","background-position":"center center","background-size":"auto","background-attachment":"scroll","background-type":"","background-media":"","overlay-type":"","overlay-color":"","overlay-opacity":"","overlay-gradient":""}},"ast-content-background-meta":{"desktop":{"background-color":"var(--ast-global-color-5)","background-image":"","background-repeat":"repeat","background-position":"center center","background-size":"auto","background-attachment":"scroll","background-type":"","background-media":"","overlay-type":"","overlay-color":"","overlay-opacity":"","overlay-gradient":""},"tablet":{"background-color":"var(--ast-global-color-5)","background-image":"","background-repeat":"repeat","background-position":"center center","background-size":"auto","background-attachment":"scroll","background-type":"","background-media":"","overlay-type":"","overlay-color":"","overlay-opacity":"","overlay-gradient":""},"mobile":{"background-color":"var(--ast-global-color-5)","background-image":"","background-repeat":"repeat","background-position":"center center","background-size":"auto","background-attachment":"scroll","background-type":"","background-media":"","overlay-type":"","overlay-color":"","overlay-opacity":"","overlay-gradient":""}},"footnotes":""},"class_list":["post-1133","page","type-page","status-publish","hentry"],"uagb_featured_image_src":{"full":false,"thumbnail":false,"medium":false,"medium_large":false,"large":false,"1536x1536":false,"2048x2048":false},"uagb_author_info":{"display_name":"admin","author_link":"https:\/\/masterenderechodelosnegocios.uab.cat\/index.php\/author\/admin\/"},"uagb_comment_info":0,"uagb_excerpt":"Estamos a tu disposici\u00f3n Para cualquier duda o consulta, no dudes en contactar con nosotros. Localizaci\u00f3n Departamento de Derecho PrivadoUniversidad Aut\u00f3noma de BarcelonaEdificio BCalle de la Vall Moronta, s\/n08193 Bellaterra, BarcelonaDespacho: B2\/-162 Tel\u00e9fono (+34) 93 581 21 45(+34) 93 581 22 24 Correo electr\u00f3nico Eliseo Sierra NogueroEliseo.Sierra@uab.cat","_links":{"self":[{"href":"https:\/\/masterenderechodelosnegocios.uab.cat\/index.php\/wp-json\/wp\/v2\/pages\/1133","targetHints":{"allow":["GET"]}}],"collection":[{"href":"https:\/\/masterenderechodelosnegocios.uab.cat\/index.php\/wp-json\/wp\/v2\/pages"}],"about":[{"href":"https:\/\/masterenderechodelosnegocios.uab.cat\/index.php\/wp-json\/wp\/v2\/types\/page"}],"author":[{"embeddable":true,"href":"https:\/\/masterenderechodelosnegocios.uab.cat\/index.php\/wp-json\/wp\/v2\/users\/2"}],"replies":[{"embeddable":true,"href":"https:\/\/masterenderechodelosnegocios.uab.cat\/index.php\/wp-json\/wp\/v2\/comments?post=1133"}],"version-history":[{"count":23,"href":"https:\/\/masterenderechodelosnegocios.uab.cat\/index.php\/wp-json\/wp\/v2\/pages\/1133\/revisions"}],"predecessor-version":[{"id":1564,"href":"https:\/\/masterenderechodelosnegocios.uab.cat\/index.php\/wp-json\/wp\/v2\/pages\/1133\/revisions\/1564"}],"wp:attachment":[{"href":"https:\/\/masterenderechodelosnegocios.uab.cat\/index.php\/wp-json\/wp\/v2\/media?parent=1133"}],"curies":[{"name":"wp","href":"https:\/\/api.w.org\/{rel}","templated":true}]}}